{"id":70,"date":"2023-01-16T15:29:51","date_gmt":"2023-01-16T14:29:51","guid":{"rendered":"https:\/\/bartkphotos.com\/?page_id=70"},"modified":"2025-01-20T14:00:28","modified_gmt":"2025-01-20T13:00:28","slug":"about","status":"publish","type":"page","link":"https:\/\/bartkphotos.com\/de\/about\/","title":{"rendered":"\u00dcber"},"content":{"rendered":"<div data-elementor-type=\"wp-page\" data-elementor-id=\"70\" class=\"elementor elementor-70\" data-elementor-post-type=\"page\">\n\t\t\t\t\t\t<section class=\"elementor-section elementor-top-section elementor-element elementor-element-6fad19e elementor-section-height-min-height elementor-section-boxed elementor-section-height-default elementor-section-items-middle\" data-id=\"6fad19e\" data-element_type=\"section\" data-settings=\"{&quot;background_background&quot;:&quot;classic&quot;}\">\n\t\t\t\t\t\t\t<div class=\"elementor-background-overlay\"><\/div>\n\t\t\t\t\t\t\t<div class=\"elementor-container elementor-column-gap-default\">\n\t\t\t\t\t<div class=\"elementor-column elementor-col-100 elementor-top-column elementor-element elementor-element-1f8405a\" data-id=\"1f8405a\" data-element_type=\"column\">\n\t\t\t<div class=\"elementor-widget-wrap elementor-element-populated\">\n\t\t\t\t\t\t<div class=\"elementor-element elementor-element-38586bd elementor-widget elementor-widget-heading\" data-id=\"38586bd\" data-element_type=\"widget\" data-widget_type=\"heading.default\">\n\t\t\t\t<div class=\"elementor-widget-container\">\n\t\t\t\t\t<h2 class=\"elementor-heading-title elementor-size-default\">\u00dcber Bart<\/h2>\t\t\t\t<\/div>\n\t\t\t\t<\/div>\n\t\t\t\t\t<\/div>\n\t\t<\/div>\n\t\t\t\t\t<\/div>\n\t\t<\/section>\n\t\t\t\t<section class=\"elementor-section elementor-top-section elementor-element elementor-element-f46491c elementor-section-boxed elementor-section-height-default elementor-section-height-default\" data-id=\"f46491c\" data-element_type=\"section\">\n\t\t\t\t\t\t<div class=\"elementor-container elementor-column-gap-default\">\n\t\t\t\t\t<div class=\"elementor-column elementor-col-50 elementor-top-column elementor-element elementor-element-0b348fe\" data-id=\"0b348fe\" data-element_type=\"column\">\n\t\t\t<div class=\"elementor-widget-wrap elementor-element-populated\">\n\t\t\t\t\t\t<div class=\"elementor-element elementor-element-976b052 elementor-invisible elementor-widget elementor-widget-image\" data-id=\"976b052\" data-element_type=\"widget\" data-settings=\"{&quot;_animation&quot;:&quot;slideInUp&quot;}\" title=\"Bart Kasteleyn\" data-widget_type=\"image.default\">\n\t\t\t\t<div class=\"elementor-widget-container\">\n\t\t\t\t\t\t\t\t\t\t\t\t\t\t\t<img fetchpriority=\"high\" decoding=\"async\" width=\"1682\" height=\"2355\" src=\"https:\/\/bartkphotos.com\/wp-content\/uploads\/2023\/01\/bart-kasteleyn-about.webp\" class=\"attachment-full size-full wp-image-363\" alt=\"About Bart Kasteleyn\" srcset=\"https:\/\/bartkphotos.com\/wp-content\/uploads\/2023\/01\/bart-kasteleyn-about.webp 1682w, https:\/\/bartkphotos.com\/wp-content\/uploads\/2023\/01\/bart-kasteleyn-about-214x300.webp 214w, https:\/\/bartkphotos.com\/wp-content\/uploads\/2023\/01\/bart-kasteleyn-about-731x1024.webp 731w, https:\/\/bartkphotos.com\/wp-content\/uploads\/2023\/01\/bart-kasteleyn-about-768x1075.webp 768w, https:\/\/bartkphotos.com\/wp-content\/uploads\/2023\/01\/bart-kasteleyn-about-1097x1536.webp 1097w, https:\/\/bartkphotos.com\/wp-content\/uploads\/2023\/01\/bart-kasteleyn-about-1463x2048.webp 1463w, https:\/\/bartkphotos.com\/wp-content\/uploads\/2023\/01\/bart-kasteleyn-about-9x12.webp 9w\" sizes=\"(max-width: 1682px) 100vw, 1682px\" \/>\t\t\t\t\t\t\t\t\t\t\t\t\t\t\t<\/div>\n\t\t\t\t<\/div>\n\t\t\t\t\t<\/div>\n\t\t<\/div>\n\t\t\t\t<div class=\"elementor-column elementor-col-50 elementor-top-column elementor-element elementor-element-f61abb1\" data-id=\"f61abb1\" data-element_type=\"column\">\n\t\t\t<div class=\"elementor-widget-wrap elementor-element-populated\">\n\t\t\t\t\t\t<div class=\"elementor-element elementor-element-1c52731 elementor-widget elementor-widget-heading\" data-id=\"1c52731\" data-element_type=\"widget\" data-widget_type=\"heading.default\">\n\t\t\t\t<div class=\"elementor-widget-container\">\n\t\t\t\t\t<h2 class=\"elementor-heading-title elementor-size-default\">Meine Geschichte<\/h2>\t\t\t\t<\/div>\n\t\t\t\t<\/div>\n\t\t\t\t<div class=\"elementor-element elementor-element-4986be8 elementor-widget elementor-widget-text-editor\" data-id=\"4986be8\" data-element_type=\"widget\" data-widget_type=\"text-editor.default\">\n\t\t\t\t<div class=\"elementor-widget-container\">\n\t\t\t\t\t\t\t\t\t<p>Ich wurde 1959 in Leiden geboren und war schon in jungen Jahren von der Fotografie fasziniert.<\/p><p>Vor etwa zehn Jahren spazierte ich an den Kan\u00e4len von Leiden entlang und schaute ins Wasser. Pl\u00f6tzlich sah ich die Sch\u00f6nheit der Bl\u00e4tter, die im Wasser schwammen. Bei meinem n\u00e4chsten Besuch am Wasser nahm ich meine Kamera und begann zu fotografieren.<\/p><p>Als ich zuhause ankam, war ich sehr \u00fcberrascht, was ich auf dem Computerbildschirm sah: Bl\u00e4tter, die im Wasser brannten, weinten, zu schweben schienen, mit klaren Sternen im Hintergrund.<\/p><p>Seitdem habe ich weiter fotografiert und die Leidenschaft entwickelt, die ich immer noch habe.<\/p><p>Im Laufe der Zeit bemerkte ich, dass Bl\u00e4tter im Wasser nicht nur im Herbst vorkommen, sondern das ganze Jahr \u00fcber anzutreffen sind - man muss nur etwas genauer hinsehen.<\/p><p>Beim Fotografieren werde ich von der Fl\u00fcchtigkeit des Moments herausgefordert, wenn die Bl\u00e4tter so schnell vorbeiziehen. Die Reflexion der Wasseroberfl\u00e4che, unerwartete Wellen, die Unsch\u00e4rfe einiger Bilder - sie halfen mir immer wieder, meine F\u00e4higkeiten weiterzuentwickeln.<\/p><p>Jetzt gehe ich, wann immer ich kann, zum Wasserufer, um diese wundersch\u00f6nen Bl\u00e4tter zu sehen, die aus ihren B\u00e4umen gefallen sind, verwundbar, weiter treibend.<\/p><p>Ich nehme diese Bilder mit nach Hause, um die \u00c4sthetik ihrer Verg\u00e4nglichkeit zu bewahren und sie mit Freunden und allen, die sich daf\u00fcr interessieren k\u00f6nnten, zu teilen.<\/p><p>Auf dieser Website finden Sie eine Auswahl der Fotos, die ich im Laufe der Jahre gemacht habe. Sie k\u00f6nnen diese fotos hier einfach bewundern, (siehe '<a href=\"https:\/\/bartkphotos.com\/de\/portfolio\/\">PORTFOLIO<\/a>' seite) aber auch exklusive limitierte fotodrucke bestellen (siehe'<a href=\"https:\/\/bartkphotos.com\/de\/order\/\">BESTELLEN<\/a>\u2019 seite\u2019).<\/p>\t\t\t\t\t\t\t\t<\/div>\n\t\t\t\t<\/div>\n\t\t\t\t\t<\/div>\n\t\t<\/div>\n\t\t\t\t\t<\/div>\n\t\t<\/section>\n\t\t\t\t<section class=\"elementor-section elementor-top-section elementor-element elementor-element-14c6045 elementor-section-boxed elementor-section-height-default elementor-section-height-default\" data-id=\"14c6045\" data-element_type=\"section\">\n\t\t\t\t\t\t<div class=\"elementor-container elementor-column-gap-default\">\n\t\t\t\t\t<div class=\"elementor-column elementor-col-100 elementor-top-column elementor-element elementor-element-07e7b14\" data-id=\"07e7b14\" data-element_type=\"column\">\n\t\t\t<div class=\"elementor-widget-wrap elementor-element-populated\">\n\t\t\t\t\t\t<div class=\"elementor-element elementor-element-c8034bb elementor-widget elementor-widget-heading\" data-id=\"c8034bb\" data-element_type=\"widget\" data-widget_type=\"heading.default\">\n\t\t\t\t<div class=\"elementor-widget-container\">\n\t\t\t\t\t<h3 class=\"elementor-heading-title elementor-size-default\">NEUERE WERK<\/h3>\t\t\t\t<\/div>\n\t\t\t\t<\/div>\n\t\t\t\t\t<\/div>\n\t\t<\/div>\n\t\t\t\t\t<\/div>\n\t\t<\/section>\n\t\t\t\t<section class=\"elementor-section elementor-top-section elementor-element elementor-element-8765fc1 elementor-section-boxed elementor-section-height-default elementor-section-height-default\" data-id=\"8765fc1\" data-element_type=\"section\">\n\t\t\t\t\t\t<div class=\"elementor-container elementor-column-gap-default\">\n\t\t\t\t\t<div class=\"elementor-column elementor-col-25 elementor-top-column elementor-element elementor-element-8d90ba9 elementor-invisible\" data-id=\"8d90ba9\" data-element_type=\"column\" data-settings=\"{&quot;animation&quot;:&quot;fadeInUp&quot;}\">\n\t\t\t<div class=\"elementor-widget-wrap elementor-element-populated\">\n\t\t\t\t\t\t<div class=\"elementor-element elementor-element-f717912 elementor-cta--layout-image-above elementor-cta--skin-classic elementor-animated-content elementor-bg-transform elementor-bg-transform-zoom-in elementor-widget elementor-widget-call-to-action\" data-id=\"f717912\" data-element_type=\"widget\" data-settings=\"{&quot;_animation&quot;:&quot;none&quot;}\" title=\"Breathing\" data-widget_type=\"call-to-action.default\">\n\t\t\t\t<div class=\"elementor-widget-container\">\n\t\t\t\t\t\t\t<a class=\"elementor-cta\" href=\"https:\/\/bartkphotos.com\/de\/recent-work\/\">\n\t\t\t\t\t<div class=\"elementor-cta__bg-wrapper\">\n\t\t\t\t<div class=\"elementor-cta__bg elementor-bg\" style=\"background-image: url(https:\/\/bartkphotos.com\/wp-content\/uploads\/2023\/01\/Breathing-scaled.webp);\" role=\"img\" aria-label=\"Breathing\"><\/div>\n\t\t\t\t<div class=\"elementor-cta__bg-overlay\"><\/div>\n\t\t\t<\/div>\n\t\t\t\t\t\t\t<div class=\"elementor-cta__content\">\n\t\t\t\t\n\t\t\t\t\t\t\t\t\t<h2 class=\"elementor-cta__title elementor-cta__content-item elementor-content-item\">\n\t\t\t\t\t\tBreathing\t\t\t\t\t<\/h2>\n\t\t\t\t\n\t\t\t\t\n\t\t\t\t\t\t\t<\/div>\n\t\t\t\t\t\t<\/a>\n\t\t\t\t\t\t<\/div>\n\t\t\t\t<\/div>\n\t\t\t\t\t<\/div>\n\t\t<\/div>\n\t\t\t\t<div class=\"elementor-column elementor-col-25 elementor-top-column elementor-element elementor-element-351a03f elementor-invisible\" data-id=\"351a03f\" data-element_type=\"column\" data-settings=\"{&quot;animation&quot;:&quot;fadeInUp&quot;,&quot;animation_delay&quot;:200}\">\n\t\t\t<div class=\"elementor-widget-wrap elementor-element-populated\">\n\t\t\t\t\t\t<div class=\"elementor-element elementor-element-6d86c69 elementor-cta--layout-image-above elementor-cta--skin-classic elementor-animated-content elementor-bg-transform elementor-bg-transform-zoom-in elementor-widget elementor-widget-call-to-action\" data-id=\"6d86c69\" data-element_type=\"widget\" data-settings=\"{&quot;_animation&quot;:&quot;none&quot;}\" title=\"Elevation\" data-widget_type=\"call-to-action.default\">\n\t\t\t\t<div class=\"elementor-widget-container\">\n\t\t\t\t\t\t\t<a class=\"elementor-cta\" href=\"https:\/\/bartkphotos.com\/de\/recent-work\/\">\n\t\t\t\t\t<div class=\"elementor-cta__bg-wrapper\">\n\t\t\t\t<div class=\"elementor-cta__bg elementor-bg\" style=\"background-image: url(https:\/\/bartkphotos.com\/wp-content\/uploads\/2023\/01\/Elevation-scaled.webp);\" role=\"img\" aria-label=\"Elevation\"><\/div>\n\t\t\t\t<div class=\"elementor-cta__bg-overlay\"><\/div>\n\t\t\t<\/div>\n\t\t\t\t\t\t\t<div class=\"elementor-cta__content\">\n\t\t\t\t\n\t\t\t\t\t\t\t\t\t<h2 class=\"elementor-cta__title elementor-cta__content-item elementor-content-item\">\n\t\t\t\t\t\tElevation\t\t\t\t\t<\/h2>\n\t\t\t\t\n\t\t\t\t\n\t\t\t\t\t\t\t<\/div>\n\t\t\t\t\t\t<\/a>\n\t\t\t\t\t\t<\/div>\n\t\t\t\t<\/div>\n\t\t\t\t\t<\/div>\n\t\t<\/div>\n\t\t\t\t<div class=\"elementor-column elementor-col-25 elementor-top-column elementor-element elementor-element-e39f890 elementor-invisible\" data-id=\"e39f890\" data-element_type=\"column\" data-settings=\"{&quot;animation&quot;:&quot;fadeInUp&quot;,&quot;animation_delay&quot;:300}\">\n\t\t\t<div class=\"elementor-widget-wrap elementor-element-populated\">\n\t\t\t\t\t\t<div class=\"elementor-element elementor-element-5c698c3 elementor-cta--layout-image-above elementor-cta--skin-classic elementor-animated-content elementor-bg-transform elementor-bg-transform-zoom-in elementor-widget elementor-widget-call-to-action\" data-id=\"5c698c3\" data-element_type=\"widget\" data-settings=\"{&quot;_animation&quot;:&quot;none&quot;}\" title=\"Fire\" data-widget_type=\"call-to-action.default\">\n\t\t\t\t<div class=\"elementor-widget-container\">\n\t\t\t\t\t\t\t<a class=\"elementor-cta\" href=\"https:\/\/bartkphotos.com\/de\/recent-work\/\">\n\t\t\t\t\t<div class=\"elementor-cta__bg-wrapper\">\n\t\t\t\t<div class=\"elementor-cta__bg elementor-bg\" style=\"background-image: url(https:\/\/bartkphotos.com\/wp-content\/uploads\/2023\/01\/fire.webp);\" role=\"img\" aria-label=\"fire\"><\/div>\n\t\t\t\t<div class=\"elementor-cta__bg-overlay\"><\/div>\n\t\t\t<\/div>\n\t\t\t\t\t\t\t<div class=\"elementor-cta__content\">\n\t\t\t\t\n\t\t\t\t\t\t\t\t\t<h2 class=\"elementor-cta__title elementor-cta__content-item elementor-content-item\">\n\t\t\t\t\t\tFire\t\t\t\t\t<\/h2>\n\t\t\t\t\n\t\t\t\t\n\t\t\t\t\t\t\t<\/div>\n\t\t\t\t\t\t<\/a>\n\t\t\t\t\t\t<\/div>\n\t\t\t\t<\/div>\n\t\t\t\t\t<\/div>\n\t\t<\/div>\n\t\t\t\t<div class=\"elementor-column elementor-col-25 elementor-top-column elementor-element elementor-element-794365a elementor-invisible\" data-id=\"794365a\" data-element_type=\"column\" data-settings=\"{&quot;animation&quot;:&quot;fadeInUp&quot;,&quot;animation_delay&quot;:300}\">\n\t\t\t<div class=\"elementor-widget-wrap elementor-element-populated\">\n\t\t\t\t\t\t<div class=\"elementor-element elementor-element-f3e7375 elementor-cta--layout-image-above elementor-cta--skin-classic elementor-animated-content elementor-bg-transform elementor-bg-transform-zoom-in elementor-widget elementor-widget-call-to-action\" data-id=\"f3e7375\" data-element_type=\"widget\" data-settings=\"{&quot;_animation&quot;:&quot;none&quot;}\" title=\"Illumination\" data-widget_type=\"call-to-action.default\">\n\t\t\t\t<div class=\"elementor-widget-container\">\n\t\t\t\t\t\t\t<a class=\"elementor-cta\" href=\"https:\/\/bartkphotos.com\/de\/recent-work\/\">\n\t\t\t\t\t<div class=\"elementor-cta__bg-wrapper\">\n\t\t\t\t<div class=\"elementor-cta__bg elementor-bg\" style=\"background-image: url(https:\/\/bartkphotos.com\/wp-content\/uploads\/2023\/02\/Illumination-scaled.webp);\" role=\"img\" aria-label=\"Illumination\"><\/div>\n\t\t\t\t<div class=\"elementor-cta__bg-overlay\"><\/div>\n\t\t\t<\/div>\n\t\t\t\t\t\t\t<div class=\"elementor-cta__content\">\n\t\t\t\t\n\t\t\t\t\t\t\t\t\t<h2 class=\"elementor-cta__title elementor-cta__content-item elementor-content-item\">\n\t\t\t\t\t\tIllumination\t\t\t\t\t<\/h2>\n\t\t\t\t\n\t\t\t\t\n\t\t\t\t\t\t\t<\/div>\n\t\t\t\t\t\t<\/a>\n\t\t\t\t\t\t<\/div>\n\t\t\t\t<\/div>\n\t\t\t\t\t<\/div>\n\t\t<\/div>\n\t\t\t\t\t<\/div>\n\t\t<\/section>\n\t\t\t\t<section class=\"elementor-section elementor-top-section elementor-element elementor-element-971d88b elementor-section-boxed elementor-section-height-default elementor-section-height-default\" data-id=\"971d88b\" data-element_type=\"section\">\n\t\t\t\t\t\t<div class=\"elementor-container elementor-column-gap-default\">\n\t\t\t\t\t<div class=\"elementor-column elementor-col-100 elementor-top-column elementor-element elementor-element-64ac3d9\" data-id=\"64ac3d9\" data-element_type=\"column\">\n\t\t\t<div class=\"elementor-widget-wrap elementor-element-populated\">\n\t\t\t\t\t\t<div class=\"elementor-element elementor-element-b8c87e9 elementor-align-center elementor-widget elementor-widget-button\" data-id=\"b8c87e9\" data-element_type=\"widget\" data-widget_type=\"button.default\">\n\t\t\t\t<div class=\"elementor-widget-container\">\n\t\t\t\t\t\t\t\t\t<div class=\"elementor-button-wrapper\">\n\t\t\t\t\t<a class=\"elementor-button elementor-button-link elementor-size-sm\" href=\"https:\/\/bartkphotos.com\/de\/portfolio\/\">\n\t\t\t\t\t\t<span class=\"elementor-button-content-wrapper\">\n\t\t\t\t\t\t\t\t\t<span class=\"elementor-button-text\">Alle Fotos Ansehen<\/span>\n\t\t\t\t\t<\/span>\n\t\t\t\t\t<\/a>\n\t\t\t\t<\/div>\n\t\t\t\t\t\t\t\t<\/div>\n\t\t\t\t<\/div>\n\t\t\t\t\t<\/div>\n\t\t<\/div>\n\t\t\t\t\t<\/div>\n\t\t<\/section>\n\t\t\t\t<\/div>","protected":false},"excerpt":{"rendered":"<p>About Bart My Story I was born in 1959 in a Dutch city Leiden and have been fascinated by photography from an early age. It was about a decade ago that I walked along the canals of Leiden and looked into the water. Suddenly I saw the beauty of the leaves floating in the water. [&hellip;]<\/p>","protected":false},"author":1,"featured_media":342,"parent":0,"menu_order":0,"comment_status":"closed","ping_status":"closed","template":"","meta":{"footnotes":""},"class_list":["post-70","page","type-page","status-publish","has-post-thumbnail","hentry"],"yoast_head":"<!-- This site is optimized with the Yoast SEO plugin v25.6 - https:\/\/yoast.com\/wordpress\/plugins\/seo\/ -->\n<title>About - Bart Kasteleyn Photos<\/title>\n<meta name=\"description\" content=\"I was born in 1959 in a Dutch city Leiden and have been fascinated by photography from an early age.\" \/>\n<meta name=\"robots\" content=\"index, follow, max-snippet:-1, max-image-preview:large, max-video-preview:-1\" \/>\n<link rel=\"canonical\" href=\"https:\/\/bartkphotos.com\/de\/about\/\" \/>\n<meta property=\"og:locale\" content=\"de_DE\" \/>\n<meta property=\"og:type\" content=\"article\" \/>\n<meta property=\"og:title\" content=\"About - Bart Kasteleyn Photos\" \/>\n<meta property=\"og:description\" content=\"I was born in 1959 in a Dutch city Leiden and have been fascinated by photography from an early age.\" \/>\n<meta property=\"og:url\" content=\"https:\/\/bartkphotos.com\/de\/about\/\" \/>\n<meta property=\"og:site_name\" content=\"BartK Photos\" \/>\n<meta property=\"article:modified_time\" content=\"2025-01-20T13:00:28+00:00\" \/>\n<meta property=\"og:image\" content=\"https:\/\/bartkphotos.com\/wp-content\/uploads\/2023\/01\/Propelling-scaled.webp\" \/>\n\t<meta property=\"og:image:width\" content=\"2560\" \/>\n\t<meta property=\"og:image:height\" content=\"1829\" \/>\n\t<meta property=\"og:image:type\" content=\"image\/webp\" \/>\n<meta name=\"twitter:card\" content=\"summary_large_image\" \/>\n<meta name=\"twitter:label1\" content=\"Gesch\u00e4tzte Lesezeit\" \/>\n\t<meta name=\"twitter:data1\" content=\"2\u00a0Minuten\" \/>\n<script type=\"application\/ld+json\" class=\"yoast-schema-graph\">{\"@context\":\"https:\/\/schema.org\",\"@graph\":[{\"@type\":\"WebPage\",\"@id\":\"https:\/\/bartkphotos.com\/about\/\",\"url\":\"https:\/\/bartkphotos.com\/about\/\",\"name\":\"About - Bart Kasteleyn Photos\",\"isPartOf\":{\"@id\":\"https:\/\/bartkphotos.com\/#website\"},\"primaryImageOfPage\":{\"@id\":\"https:\/\/bartkphotos.com\/about\/#primaryimage\"},\"image\":{\"@id\":\"https:\/\/bartkphotos.com\/about\/#primaryimage\"},\"thumbnailUrl\":\"https:\/\/bartkphotos.com\/wp-content\/uploads\/2023\/01\/Propelling-scaled.webp\",\"datePublished\":\"2023-01-16T14:29:51+00:00\",\"dateModified\":\"2025-01-20T13:00:28+00:00\",\"description\":\"I was born in 1959 in a Dutch city Leiden and have been fascinated by photography from an early age.\",\"breadcrumb\":{\"@id\":\"https:\/\/bartkphotos.com\/about\/#breadcrumb\"},\"inLanguage\":\"de\",\"potentialAction\":[{\"@type\":\"ReadAction\",\"target\":[\"https:\/\/bartkphotos.com\/about\/\"]}]},{\"@type\":\"ImageObject\",\"inLanguage\":\"de\",\"@id\":\"https:\/\/bartkphotos.com\/about\/#primaryimage\",\"url\":\"https:\/\/bartkphotos.com\/wp-content\/uploads\/2023\/01\/Propelling-scaled.webp\",\"contentUrl\":\"https:\/\/bartkphotos.com\/wp-content\/uploads\/2023\/01\/Propelling-scaled.webp\",\"width\":2560,\"height\":1829},{\"@type\":\"BreadcrumbList\",\"@id\":\"https:\/\/bartkphotos.com\/about\/#breadcrumb\",\"itemListElement\":[{\"@type\":\"ListItem\",\"position\":1,\"name\":\"Home\",\"item\":\"https:\/\/bartkphotos.com\/\"},{\"@type\":\"ListItem\",\"position\":2,\"name\":\"About\"}]},{\"@type\":\"WebSite\",\"@id\":\"https:\/\/bartkphotos.com\/#website\",\"url\":\"https:\/\/bartkphotos.com\/\",\"name\":\"BartK Photo's\",\"description\":\"A dragonfly in the moonlight, a cosmic encounter of angels, a fire in the sky.\",\"publisher\":{\"@id\":\"https:\/\/bartkphotos.com\/#\/schema\/person\/eec6faacfc5bda54d32cec16258a669f\"},\"potentialAction\":[{\"@type\":\"SearchAction\",\"target\":{\"@type\":\"EntryPoint\",\"urlTemplate\":\"https:\/\/bartkphotos.com\/?s={search_term_string}\"},\"query-input\":{\"@type\":\"PropertyValueSpecification\",\"valueRequired\":true,\"valueName\":\"search_term_string\"}}],\"inLanguage\":\"de\"},{\"@type\":[\"Person\",\"Organization\"],\"@id\":\"https:\/\/bartkphotos.com\/#\/schema\/person\/eec6faacfc5bda54d32cec16258a669f\",\"name\":\"Bart Kasteleyn\",\"image\":{\"@type\":\"ImageObject\",\"inLanguage\":\"de\",\"@id\":\"https:\/\/bartkphotos.com\/#\/schema\/person\/image\/\",\"url\":\"https:\/\/bartkphotos.com\/wp-content\/uploads\/2023\/01\/bart-k-photos-logo.png\",\"contentUrl\":\"https:\/\/bartkphotos.com\/wp-content\/uploads\/2023\/01\/bart-k-photos-logo.png\",\"width\":512,\"height\":196,\"caption\":\"Bart Kasteleyn\"},\"logo\":{\"@id\":\"https:\/\/bartkphotos.com\/#\/schema\/person\/image\/\"},\"sameAs\":[\"https:\/\/bartkphotos.com\"]}]}<\/script>\n<!-- \/ Yoast SEO plugin. -->","yoast_head_json":{"title":"About - Bart Kasteleyn Photos","description":"Ich wurde 1959 in Leiden geboren und war schon in jungen Jahren von der Fotografie fasziniert.","robots":{"index":"index","follow":"follow","max-snippet":"max-snippet:-1","max-image-preview":"max-image-preview:large","max-video-preview":"max-video-preview:-1"},"canonical":"https:\/\/bartkphotos.com\/de\/about\/","og_locale":"de_DE","og_type":"article","og_title":"About - Bart Kasteleyn Photos","og_description":"I was born in 1959 in a Dutch city Leiden and have been fascinated by photography from an early age.","og_url":"https:\/\/bartkphotos.com\/de\/about\/","og_site_name":"BartK Photos","article_modified_time":"2025-01-20T13:00:28+00:00","og_image":[{"width":2560,"height":1829,"url":"https:\/\/bartkphotos.com\/wp-content\/uploads\/2023\/01\/Propelling-scaled.webp","type":"image\/webp"}],"twitter_card":"summary_large_image","twitter_misc":{"Gesch\u00e4tzte Lesezeit":"2\u00a0Minuten"},"schema":{"@context":"https:\/\/schema.org","@graph":[{"@type":"WebPage","@id":"https:\/\/bartkphotos.com\/about\/","url":"https:\/\/bartkphotos.com\/about\/","name":"About - Bart Kasteleyn Photos","isPartOf":{"@id":"https:\/\/bartkphotos.com\/#website"},"primaryImageOfPage":{"@id":"https:\/\/bartkphotos.com\/about\/#primaryimage"},"image":{"@id":"https:\/\/bartkphotos.com\/about\/#primaryimage"},"thumbnailUrl":"https:\/\/bartkphotos.com\/wp-content\/uploads\/2023\/01\/Propelling-scaled.webp","datePublished":"2023-01-16T14:29:51+00:00","dateModified":"2025-01-20T13:00:28+00:00","description":"Ich wurde 1959 in Leiden geboren und war schon in jungen Jahren von der Fotografie fasziniert.","breadcrumb":{"@id":"https:\/\/bartkphotos.com\/about\/#breadcrumb"},"inLanguage":"de","potentialAction":[{"@type":"ReadAction","target":["https:\/\/bartkphotos.com\/about\/"]}]},{"@type":"ImageObject","inLanguage":"de","@id":"https:\/\/bartkphotos.com\/about\/#primaryimage","url":"https:\/\/bartkphotos.com\/wp-content\/uploads\/2023\/01\/Propelling-scaled.webp","contentUrl":"https:\/\/bartkphotos.com\/wp-content\/uploads\/2023\/01\/Propelling-scaled.webp","width":2560,"height":1829},{"@type":"BreadcrumbList","@id":"https:\/\/bartkphotos.com\/about\/#breadcrumb","itemListElement":[{"@type":"ListItem","position":1,"name":"Home","item":"https:\/\/bartkphotos.com\/"},{"@type":"ListItem","position":2,"name":"About"}]},{"@type":"WebSite","@id":"https:\/\/bartkphotos.com\/#website","url":"https:\/\/bartkphotos.com\/","name":"BartK Photo's","description":"A dragonfly in the moonlight, a cosmic encounter of angels, a fire in the sky.","publisher":{"@id":"https:\/\/bartkphotos.com\/#\/schema\/person\/eec6faacfc5bda54d32cec16258a669f"},"potentialAction":[{"@type":"SearchAction","target":{"@type":"EntryPoint","urlTemplate":"https:\/\/bartkphotos.com\/?s={search_term_string}"},"query-input":{"@type":"PropertyValueSpecification","valueRequired":true,"valueName":"search_term_string"}}],"inLanguage":"de"},{"@type":["Person","Organization"],"@id":"https:\/\/bartkphotos.com\/#\/schema\/person\/eec6faacfc5bda54d32cec16258a669f","name":"Bart Kasteleyn","image":{"@type":"ImageObject","inLanguage":"de","@id":"https:\/\/bartkphotos.com\/#\/schema\/person\/image\/","url":"https:\/\/bartkphotos.com\/wp-content\/uploads\/2023\/01\/bart-k-photos-logo.png","contentUrl":"https:\/\/bartkphotos.com\/wp-content\/uploads\/2023\/01\/bart-k-photos-logo.png","width":512,"height":196,"caption":"Bart Kasteleyn"},"logo":{"@id":"https:\/\/bartkphotos.com\/#\/schema\/person\/image\/"},"sameAs":["https:\/\/bartkphotos.com"]}]}},"_links":{"self":[{"href":"https:\/\/bartkphotos.com\/de\/wp-json\/wp\/v2\/pages\/70","targetHints":{"allow":["GET"]}}],"collection":[{"href":"https:\/\/bartkphotos.com\/de\/wp-json\/wp\/v2\/pages"}],"about":[{"href":"https:\/\/bartkphotos.com\/de\/wp-json\/wp\/v2\/types\/page"}],"author":[{"embeddable":true,"href":"https:\/\/bartkphotos.com\/de\/wp-json\/wp\/v2\/users\/1"}],"replies":[{"embeddable":true,"href":"https:\/\/bartkphotos.com\/de\/wp-json\/wp\/v2\/comments?post=70"}],"version-history":[{"count":0,"href":"https:\/\/bartkphotos.com\/de\/wp-json\/wp\/v2\/pages\/70\/revisions"}],"wp:featuredmedia":[{"embeddable":true,"href":"https:\/\/bartkphotos.com\/de\/wp-json\/wp\/v2\/media\/342"}],"wp:attachment":[{"href":"https:\/\/bartkphotos.com\/de\/wp-json\/wp\/v2\/media?parent=70"}],"curies":[{"name":"wp","href":"https:\/\/api.w.org\/{rel}","templated":true}]}}